{"id":15582,"date":"2016-05-19T12:24:04","date_gmt":"2016-05-19T12:24:04","guid":{"rendered":"https:\/\/triplighttours-eg.com\/contact-us\/"},"modified":"2025-09-26T20:13:01","modified_gmt":"2025-09-26T20:13:01","slug":"contact-us","status":"publish","type":"page","link":"https:\/\/triplighttours-eg.com\/es\/contact-us\/","title":{"rendered":"Contacta con nosotros"},"content":{"rendered":"<p><script type=\"application\/ld+json\">\n{\n  \"@context\": \"https:\/\/schema.org\/\",\n  \"@type\": \"WebSite\",\n  \"name\": \"Trip Light Tours\",\n  \"url\": \"https:\/\/triplighttours-eg.com\/\",\n  \"potentialAction\": {\n    \"@type\": \"SearchAction\",\n    \"target\": \"https:\/\/triplighttours-eg.com\/contact-us\/{search_term_string}\",\n    \"query-input\": \"required name=search_term_string\"\n  }\n}\n<\/script><\/p>\n<p><strong>Cont\u00e1ctanos para reservar un nuevo tour en <a href=\"https:\/\/en.wikipedia.org\/wiki\/Egypt\" target=\"_blank\" rel=\"noopener\">Egipto<\/a> con <a href=\"https:\/\/triplighttours-eg.com\/\">Trip Light Tours<\/a>. Simplemente ll\u00e1manos, env\u00edanos un correo electr\u00f3nico o env\u00edanos un mensaje por WhatsApp en cualquier momento. Estamos aqu\u00ed para ayudarte.  <\/strong><\/p>\n","protected":false},"excerpt":{"rendered":"<p>Cont\u00e1ctanos para reservar un nuevo tour en Egipto con Trip Light Tours. Simplemente ll\u00e1manos, env\u00edanos un correo electr\u00f3nico o env\u00edanos un mensaje por WhatsApp en cualquier momento. Estamos aqu\u00ed para ayudarte.<\/p>\n","protected":false},"author":1,"featured_media":14615,"parent":0,"menu_order":0,"comment_status":"closed","ping_status":"closed","template":"","meta":{"_monsterinsights_skip_tracking":false,"_monsterinsights_sitenote_active":false,"_monsterinsights_sitenote_note":"","_monsterinsights_sitenote_category":0,"footnotes":""},"class_list":["post-15582","page","type-page","status-publish","has-post-thumbnail","hentry"],"_links":{"self":[{"href":"https:\/\/triplighttours-eg.com\/es\/wp-json\/wp\/v2\/pages\/15582","targetHints":{"allow":["GET"]}}],"collection":[{"href":"https:\/\/triplighttours-eg.com\/es\/wp-json\/wp\/v2\/pages"}],"about":[{"href":"https:\/\/triplighttours-eg.com\/es\/wp-json\/wp\/v2\/types\/page"}],"author":[{"embeddable":true,"href":"https:\/\/triplighttours-eg.com\/es\/wp-json\/wp\/v2\/users\/1"}],"replies":[{"embeddable":true,"href":"https:\/\/triplighttours-eg.com\/es\/wp-json\/wp\/v2\/comments?post=15582"}],"version-history":[{"count":1,"href":"https:\/\/triplighttours-eg.com\/es\/wp-json\/wp\/v2\/pages\/15582\/revisions"}],"predecessor-version":[{"id":15921,"href":"https:\/\/triplighttours-eg.com\/es\/wp-json\/wp\/v2\/pages\/15582\/revisions\/15921"}],"wp:featuredmedia":[{"embeddable":true,"href":"https:\/\/triplighttours-eg.com\/es\/wp-json\/wp\/v2\/media\/14615"}],"wp:attachment":[{"href":"https:\/\/triplighttours-eg.com\/es\/wp-json\/wp\/v2\/media?parent=15582"}],"curies":[{"name":"wp","href":"https:\/\/api.w.org\/{rel}","templated":true}]}}