{"id":15584,"date":"2017-01-25T06:52:02","date_gmt":"2017-01-25T06:52:02","guid":{"rendered":"https:\/\/triplighttours-eg.com\/destinos-turisticos\/"},"modified":"2017-01-25T06:52:02","modified_gmt":"2017-01-25T06:52:02","slug":"destinos-turisticos","status":"publish","type":"page","link":"https:\/\/triplighttours-eg.com\/es\/destinos-turisticos\/","title":{"rendered":"Destinos tur\u00edsticos"},"content":{"rendered":"<h2>Destinos tur\u00edsticos<\/h2>\n<p><strong>Los destinos tur\u00edsticos m\u00e1s populares en <a href=\"https:\/\/en.wikipedia.org\/wiki\/Ancient_Egypt\" target=\"_blank\" rel=\"noopener\">Egipto<\/a> son El Cairo, la capital, Alejandr\u00eda, Giza, la tierra de las Grandes Pir\u00e1mides, Asu\u00e1n, Luxor, Hurghada, Sharm El Shiek, Marsa Matrouh y El Wadi El Gadid.<\/strong><br \/>\n<strong>Cada uno de ellos tiene much\u00edsimas actividades, museos y edificios tan bonitos que te gustar\u00eda estar all\u00ed.<\/strong><br \/>\n<strong>Haz un recorrido ahora por Destinos para comenzar tu viaje con <a href=\"https:\/\/triplighttours.com\/\" target=\"_blank\" rel=\"noopener\">Trip Light Tours<\/a><\/strong><\/p>\n","protected":false},"excerpt":{"rendered":"<p>Destinos tur\u00edsticos Los destinos tur\u00edsticos m\u00e1s populares en Egipto son El Cairo, la capital, Alejandr\u00eda, Giza, la tierra de las Grandes Pir\u00e1mides, Asu\u00e1n, Luxor, Hurghada, Sharm El Shiek, Marsa Matrouh y El Wadi El Gadid. Cada uno de ellos tiene much\u00edsimas actividades, museos y edificios tan bonitos que te gustar\u00eda estar all\u00ed. Haz un recorrido [&hellip;]<\/p>\n","protected":false},"author":1,"featured_media":14846,"parent":0,"menu_order":0,"comment_status":"closed","ping_status":"closed","template":"","meta":{"_monsterinsights_skip_tracking":false,"_monsterinsights_sitenote_active":false,"_monsterinsights_sitenote_note":"","_monsterinsights_sitenote_category":0,"footnotes":""},"class_list":["post-15584","page","type-page","status-publish","has-post-thumbnail","hentry"],"_links":{"self":[{"href":"https:\/\/triplighttours-eg.com\/es\/wp-json\/wp\/v2\/pages\/15584","targetHints":{"allow":["GET"]}}],"collection":[{"href":"https:\/\/triplighttours-eg.com\/es\/wp-json\/wp\/v2\/pages"}],"about":[{"href":"https:\/\/triplighttours-eg.com\/es\/wp-json\/wp\/v2\/types\/page"}],"author":[{"embeddable":true,"href":"https:\/\/triplighttours-eg.com\/es\/wp-json\/wp\/v2\/users\/1"}],"replies":[{"embeddable":true,"href":"https:\/\/triplighttours-eg.com\/es\/wp-json\/wp\/v2\/comments?post=15584"}],"version-history":[{"count":0,"href":"https:\/\/triplighttours-eg.com\/es\/wp-json\/wp\/v2\/pages\/15584\/revisions"}],"wp:featuredmedia":[{"embeddable":true,"href":"https:\/\/triplighttours-eg.com\/es\/wp-json\/wp\/v2\/media\/14846"}],"wp:attachment":[{"href":"https:\/\/triplighttours-eg.com\/es\/wp-json\/wp\/v2\/media?parent=15584"}],"curies":[{"name":"wp","href":"https:\/\/api.w.org\/{rel}","templated":true}]}}