{"id":15585,"date":"2017-01-11T09:17:32","date_gmt":"2017-01-11T09:17:32","guid":{"rendered":"https:\/\/triplighttours-eg.com\/tours\/"},"modified":"2025-09-26T20:13:20","modified_gmt":"2025-09-26T20:13:20","slug":"tours","status":"publish","type":"page","link":"https:\/\/triplighttours-eg.com\/es\/tours\/","title":{"rendered":"Excursiones"},"content":{"rendered":"<p><script type=\"application\/ld+json\">\n{\n  \"@context\": \"https:\/\/schema.org\/\",\n  \"@type\": \"WebSite\",\n  \"name\": \"Trip Light Tours\",\n  \"url\": \"https:\/\/triplighttours-eg.com\/\",\n  \"potentialAction\": {\n    \"@type\": \"SearchAction\",\n    \"target\": \"https:\/\/triplighttours-eg.com\/tours\/{search_term_string}\",\n    \"query-input\": \"required name=search_term_string\"\n  }\n}\n<\/script><\/p>\n<p><strong>Desde safaris, tours de un d\u00eda y paquetes tur\u00edsticos, <a href=\"https:\/\/triplighttours-eg.com\/\">Trip Light Tours<\/a> te lleva a una nueva aventura con recuerdos inolvidables en la tierra de la <a href=\"https:\/\/en.wikipedia.org\/wiki\/Ancient_Egypt\" target=\"_blank\" rel=\"noopener\">civilizaci\u00f3n egipcia<\/a>, que comenz\u00f3 hace 5000 a\u00f1os, y disfruta de un clima agradable en todo momento. Simplemente navega por la p\u00e1gina y encontrar\u00e1s tu pasi\u00f3n.<\/strong><\/p>\n<p>&nbsp;<\/p>\n<p>&nbsp;<\/p>\n","protected":false},"excerpt":{"rendered":"<p>Desde safaris, tours de un d\u00eda y paquetes tur\u00edsticos, Trip Light Tours te lleva a una nueva aventura con recuerdos inolvidables en la tierra de la civilizaci\u00f3n egipcia, que comenz\u00f3 hace 5000 a\u00f1os, y disfruta de un clima agradable en todo momento. Simplemente navega por la p\u00e1gina y encontrar\u00e1s tu pasi\u00f3n. &nbsp; &nbsp;<\/p>\n","protected":false},"author":1,"featured_media":15416,"parent":0,"menu_order":0,"comment_status":"closed","ping_status":"closed","template":"","meta":{"_monsterinsights_skip_tracking":false,"_monsterinsights_sitenote_active":false,"_monsterinsights_sitenote_note":"","_monsterinsights_sitenote_category":0,"footnotes":""},"class_list":["post-15585","page","type-page","status-publish","has-post-thumbnail","hentry"],"_links":{"self":[{"href":"https:\/\/triplighttours-eg.com\/es\/wp-json\/wp\/v2\/pages\/15585","targetHints":{"allow":["GET"]}}],"collection":[{"href":"https:\/\/triplighttours-eg.com\/es\/wp-json\/wp\/v2\/pages"}],"about":[{"href":"https:\/\/triplighttours-eg.com\/es\/wp-json\/wp\/v2\/types\/page"}],"author":[{"embeddable":true,"href":"https:\/\/triplighttours-eg.com\/es\/wp-json\/wp\/v2\/users\/1"}],"replies":[{"embeddable":true,"href":"https:\/\/triplighttours-eg.com\/es\/wp-json\/wp\/v2\/comments?post=15585"}],"version-history":[{"count":1,"href":"https:\/\/triplighttours-eg.com\/es\/wp-json\/wp\/v2\/pages\/15585\/revisions"}],"predecessor-version":[{"id":15923,"href":"https:\/\/triplighttours-eg.com\/es\/wp-json\/wp\/v2\/pages\/15585\/revisions\/15923"}],"wp:featuredmedia":[{"embeddable":true,"href":"https:\/\/triplighttours-eg.com\/es\/wp-json\/wp\/v2\/media\/15416"}],"wp:attachment":[{"href":"https:\/\/triplighttours-eg.com\/es\/wp-json\/wp\/v2\/media?parent=15585"}],"curies":[{"name":"wp","href":"https:\/\/api.w.org\/{rel}","templated":true}]}}