{"id":15571,"date":"2016-12-07T06:04:21","date_gmt":"2016-12-07T06:04:21","guid":{"rendered":"https:\/\/triplighttours-eg.com\/gallery\/"},"modified":"2025-09-26T20:12:02","modified_gmt":"2025-09-26T20:12:02","slug":"gallery","status":"publish","type":"page","link":"https:\/\/triplighttours-eg.com\/fr\/gallery\/","title":{"rendered":"Galerie"},"content":{"rendered":"<p><strong>Les bons souvenirs partag\u00e9s avec nos clients en <a href=\"https:\/\/en.wikipedia.org\/wiki\/Egypt\" target=\"_blank\" rel=\"noopener\">\u00c9gypte<\/a> sont notre plus belle offrande au monde. <a href=\"https:\/\/triplighttours.com\/\" target=\"_blank\" rel=\"noopener\">Trip Light Tours <\/a>r\u00e9alise vos r\u00eaves.<\/p>\n<p><\/strong><\/p>\n","protected":false},"excerpt":{"rendered":"<p>Les bons souvenirs partag\u00e9s avec nos clients en \u00c9gypte sont notre plus belle offrande au monde. Trip Light Tours r\u00e9alise vos r\u00eaves.<\/p>\n","protected":false},"author":1,"featured_media":14510,"parent":0,"menu_order":0,"comment_status":"closed","ping_status":"closed","template":"","meta":{"_monsterinsights_skip_tracking":false,"_monsterinsights_sitenote_active":false,"_monsterinsights_sitenote_note":"","_monsterinsights_sitenote_category":0,"footnotes":""},"class_list":["post-15571","page","type-page","status-publish","has-post-thumbnail","hentry"],"_links":{"self":[{"href":"https:\/\/triplighttours-eg.com\/fr\/wp-json\/wp\/v2\/pages\/15571","targetHints":{"allow":["GET"]}}],"collection":[{"href":"https:\/\/triplighttours-eg.com\/fr\/wp-json\/wp\/v2\/pages"}],"about":[{"href":"https:\/\/triplighttours-eg.com\/fr\/wp-json\/wp\/v2\/types\/page"}],"author":[{"embeddable":true,"href":"https:\/\/triplighttours-eg.com\/fr\/wp-json\/wp\/v2\/users\/1"}],"replies":[{"embeddable":true,"href":"https:\/\/triplighttours-eg.com\/fr\/wp-json\/wp\/v2\/comments?post=15571"}],"version-history":[{"count":1,"href":"https:\/\/triplighttours-eg.com\/fr\/wp-json\/wp\/v2\/pages\/15571\/revisions"}],"predecessor-version":[{"id":15917,"href":"https:\/\/triplighttours-eg.com\/fr\/wp-json\/wp\/v2\/pages\/15571\/revisions\/15917"}],"wp:featuredmedia":[{"embeddable":true,"href":"https:\/\/triplighttours-eg.com\/fr\/wp-json\/wp\/v2\/media\/14510"}],"wp:attachment":[{"href":"https:\/\/triplighttours-eg.com\/fr\/wp-json\/wp\/v2\/media?parent=15571"}],"curies":[{"name":"wp","href":"https:\/\/api.w.org\/{rel}","templated":true}]}}