{"id":15572,"date":"2017-01-25T06:52:02","date_gmt":"2017-01-25T06:52:02","guid":{"rendered":"https:\/\/triplighttours-eg.com\/destinations-touristiques\/"},"modified":"2017-01-25T06:52:02","modified_gmt":"2017-01-25T06:52:02","slug":"destinations-touristiques","status":"publish","type":"page","link":"https:\/\/triplighttours-eg.com\/fr\/destinations-touristiques\/","title":{"rendered":"Destinations touristiques"},"content":{"rendered":"<h2>Destinations touristiques<\/h2>\n<p><strong>Les destinations touristiques les plus populaires en <a href=\"https:\/\/en.wikipedia.org\/wiki\/Ancient_Egypt\" target=\"_blank\" rel=\"noopener\">\u00c9gypte<\/a> sont Le Caire, la capitale, Alexandrie, Gizeh, le pays des grandes pyramides, Assouan, Louxor, Hurghada, Charm el-Cheikh, Marsa Matrouh et El Wadi El Gadid.<\/strong><br \/>\n<strong>Chacune d&rsquo;entre elles propose de nombreuses activit\u00e9s, des mus\u00e9es et de si beaux b\u00e2timents que vous aurez envie d&rsquo;y \u00eatre.<\/strong><br \/>\n<strong>Faites un tour maintenant dans Destinations pour commencer votre voyage avec <a href=\"https:\/\/triplighttours.com\/\" target=\"_blank\" rel=\"noopener\">Trip Light Tours<\/a><\/strong><\/p>\n","protected":false},"excerpt":{"rendered":"<p>Destinations touristiques Les destinations touristiques les plus populaires en \u00c9gypte sont Le Caire, la capitale, Alexandrie, Gizeh, le pays des grandes pyramides, Assouan, Louxor, Hurghada, Charm el-Cheikh, Marsa Matrouh et El Wadi El Gadid. Chacune d&rsquo;entre elles propose de nombreuses activit\u00e9s, des mus\u00e9es et de si beaux b\u00e2timents que vous aurez envie d&rsquo;y \u00eatre. Faites [&hellip;]<\/p>\n","protected":false},"author":1,"featured_media":14845,"parent":0,"menu_order":0,"comment_status":"closed","ping_status":"closed","template":"","meta":{"_monsterinsights_skip_tracking":false,"_monsterinsights_sitenote_active":false,"_monsterinsights_sitenote_note":"","_monsterinsights_sitenote_category":0,"footnotes":""},"class_list":["post-15572","page","type-page","status-publish","has-post-thumbnail","hentry"],"_links":{"self":[{"href":"https:\/\/triplighttours-eg.com\/fr\/wp-json\/wp\/v2\/pages\/15572","targetHints":{"allow":["GET"]}}],"collection":[{"href":"https:\/\/triplighttours-eg.com\/fr\/wp-json\/wp\/v2\/pages"}],"about":[{"href":"https:\/\/triplighttours-eg.com\/fr\/wp-json\/wp\/v2\/types\/page"}],"author":[{"embeddable":true,"href":"https:\/\/triplighttours-eg.com\/fr\/wp-json\/wp\/v2\/users\/1"}],"replies":[{"embeddable":true,"href":"https:\/\/triplighttours-eg.com\/fr\/wp-json\/wp\/v2\/comments?post=15572"}],"version-history":[{"count":0,"href":"https:\/\/triplighttours-eg.com\/fr\/wp-json\/wp\/v2\/pages\/15572\/revisions"}],"wp:featuredmedia":[{"embeddable":true,"href":"https:\/\/triplighttours-eg.com\/fr\/wp-json\/wp\/v2\/media\/14845"}],"wp:attachment":[{"href":"https:\/\/triplighttours-eg.com\/fr\/wp-json\/wp\/v2\/media?parent=15572"}],"curies":[{"name":"wp","href":"https:\/\/api.w.org\/{rel}","templated":true}]}}