{"id":15573,"date":"2017-01-11T09:17:32","date_gmt":"2017-01-11T09:17:32","guid":{"rendered":"https:\/\/triplighttours-eg.com\/tours\/"},"modified":"2025-09-26T20:12:11","modified_gmt":"2025-09-26T20:12:11","slug":"tours","status":"publish","type":"page","link":"https:\/\/triplighttours-eg.com\/fr\/tours\/","title":{"rendered":"Visites"},"content":{"rendered":"<p><script type=\"application\/ld+json\">\n{\n  \"@context\": \"https:\/\/schema.org\/\",\n  \"@type\": \"WebSite\",\n  \"name\": \"Trip Light Tours\",\n  \"url\": \"https:\/\/triplighttours-eg.com\/\",\n  \"potentialAction\": {\n    \"@type\": \"SearchAction\",\n    \"target\": \"https:\/\/triplighttours-eg.com\/tours\/{search_term_string}\",\n    \"query-input\": \"required name=search_term_string\"\n  }\n}\n<\/script><\/p>\n<p><strong>Avec ses safaris, ses excursions d&rsquo;une journ\u00e9e et ses forfaits, <a href=\"https:\/\/triplighttours-eg.com\/\">Trip Light Tours<\/a> vous emm\u00e8ne dans une nouvelle aventure riche en souvenirs inoubliables au c\u0153ur de la <a href=\"https:\/\/en.wikipedia.org\/wiki\/Ancient_Egypt\" target=\"_blank\" rel=\"noopener\">civilisation \u00e9gyptienne<\/a>, n\u00e9e il y a 5 000 ans, et vous offre un climat toujours agr\u00e9able.<\/strong><\/p>\n<p>&nbsp;<\/p>\n<p>&nbsp;<\/p>\n","protected":false},"excerpt":{"rendered":"<p>Avec ses safaris, ses excursions d&rsquo;une journ\u00e9e et ses forfaits, Trip Light Tours vous emm\u00e8ne dans une nouvelle aventure riche en souvenirs inoubliables au c\u0153ur de la civilisation \u00e9gyptienne, n\u00e9e il y a 5 000 ans, et vous offre un climat toujours agr\u00e9able. &nbsp; &nbsp;<\/p>\n","protected":false},"author":1,"featured_media":15415,"parent":0,"menu_order":0,"comment_status":"closed","ping_status":"closed","template":"","meta":{"_monsterinsights_skip_tracking":false,"_monsterinsights_sitenote_active":false,"_monsterinsights_sitenote_note":"","_monsterinsights_sitenote_category":0,"footnotes":""},"class_list":["post-15573","page","type-page","status-publish","has-post-thumbnail","hentry"],"_links":{"self":[{"href":"https:\/\/triplighttours-eg.com\/fr\/wp-json\/wp\/v2\/pages\/15573","targetHints":{"allow":["GET"]}}],"collection":[{"href":"https:\/\/triplighttours-eg.com\/fr\/wp-json\/wp\/v2\/pages"}],"about":[{"href":"https:\/\/triplighttours-eg.com\/fr\/wp-json\/wp\/v2\/types\/page"}],"author":[{"embeddable":true,"href":"https:\/\/triplighttours-eg.com\/fr\/wp-json\/wp\/v2\/users\/1"}],"replies":[{"embeddable":true,"href":"https:\/\/triplighttours-eg.com\/fr\/wp-json\/wp\/v2\/comments?post=15573"}],"version-history":[{"count":1,"href":"https:\/\/triplighttours-eg.com\/fr\/wp-json\/wp\/v2\/pages\/15573\/revisions"}],"predecessor-version":[{"id":15918,"href":"https:\/\/triplighttours-eg.com\/fr\/wp-json\/wp\/v2\/pages\/15573\/revisions\/15918"}],"wp:featuredmedia":[{"embeddable":true,"href":"https:\/\/triplighttours-eg.com\/fr\/wp-json\/wp\/v2\/media\/15415"}],"wp:attachment":[{"href":"https:\/\/triplighttours-eg.com\/fr\/wp-json\/wp\/v2\/media?parent=15573"}],"curies":[{"name":"wp","href":"https:\/\/api.w.org\/{rel}","templated":true}]}}